{"id":1155,"date":"2023-06-28T09:04:41","date_gmt":"2023-06-28T09:04:41","guid":{"rendered":"https:\/\/devneu.alan.ch\/servizi\/"},"modified":"2023-07-28T09:19:32","modified_gmt":"2023-07-28T09:19:32","slug":"servizi","status":"publish","type":"page","link":"https:\/\/devneu.alan.ch\/it\/servizi\/","title":{"rendered":"servizi"},"content":{"rendered":"<p>[et_pb_section fb_built=&#8221;1&#8243; admin_label=&#8221;Header&#8221; _builder_version=&#8221;4.19.2&#8243; _module_preset=&#8221;default&#8221; overflow-x=&#8221;hidden&#8221; overflow-y=&#8221;hidden&#8221; custom_padding=&#8221;0px||0px||false|false&#8221; collapsed=&#8221;on&#8221; global_colors_info=&#8221;{}&#8221;][et_pb_row column_structure=&#8221;1_2,1_2&#8243; _builder_version=&#8221;4.19.0&#8243; _module_preset=&#8221;default&#8221; custom_padding=&#8221;0px|||||&#8221; global_colors_info=&#8221;{}&#8221;][et_pb_column type=&#8221;1_2&#8243; _builder_version=&#8221;4.19.0&#8243; _module_preset=&#8221;default&#8221; custom_padding_tablet=&#8221;||30px||false|false&#8221; custom_padding_phone=&#8221;||30px||false|false&#8221; custom_padding_last_edited=&#8221;on|tablet&#8221; global_colors_info=&#8221;{}&#8221;][et_pb_text _builder_version=&#8221;4.21.0&#8243; _module_preset=&#8221;57b8d6c6-de59-463b-bf97-38fd04eeb7d3&#8243; header_font=&#8221;Verdana|600|||||||&#8221; header_font_size=&#8221;64px&#8221; custom_margin=&#8221;338px||10px||false|false&#8221; custom_margin_tablet=&#8221;82px||10px||false|false&#8221; custom_margin_phone=&#8221;82px||10px||false|false&#8221; custom_margin_last_edited=&#8221;on|tablet&#8221; global_colors_info=&#8221;{}&#8221;]<\/p>\n<h1>Tutto da un&#8217;unica fonte<\/h1>\n<p>[\/et_pb_text][et_pb_text _builder_version=&#8221;4.21.0&#8243; _module_preset=&#8221;903f33fb-f3ae-4030-8e87-abe23794f7e2&#8243; text_font=&#8221;Verdana|500|||||||&#8221; text_letter_spacing=&#8221;0.3em&#8221; header_4_font=&#8221;Verdana||||||||&#8221; header_4_font_size=&#8221;14px&#8221; global_colors_info=&#8221;{}&#8221;]<\/p>\n<h4>Migrazione dei dati, formazione e assistenza agli utenti<\/h4>\n<p>[\/et_pb_text][\/et_pb_column][et_pb_column type=&#8221;1_2&#8243; _builder_version=&#8221;4.18.1&#8243; _module_preset=&#8221;default&#8221; background_size=&#8221;contain&#8221; global_colors_info=&#8221;{}&#8221;][et_pb_image src=&#8221;https:\/\/devneu.alan.ch\/wp-content\/uploads\/2023\/06\/Alan-Dienst.png&#8221; title_text=&#8221;Alan Service&#8221; admin_label=&#8221;Image&#8221; _builder_version=&#8221;4.21.0&#8243; _module_preset=&#8221;default&#8221; background_enable_image=&#8221;off&#8221; background_size=&#8221;contain&#8221; transform_scale=&#8221;114%|114%&#8221; position_origin_a=&#8221;top_right&#8221; custom_margin=&#8221;|-20vw|||false|false&#8221; custom_margin_tablet=&#8221;|0%|||false|false&#8221; custom_margin_phone=&#8221;||||false|false&#8221; custom_margin_last_edited=&#8221;on|desktop&#8221; animation_style=&#8221;fold&#8221; animation_duration=&#8221;600ms&#8221; animation_speed_curve=&#8221;ease-out&#8221; locked=&#8221;off&#8221; global_colors_info=&#8221;{}&#8221;][\/et_pb_image][\/et_pb_column][\/et_pb_row][\/et_pb_section][et_pb_section fb_built=&#8221;1&#8243; prev_background_color=&#8221;#ffffff&#8221; next_background_color=&#8221;#ffffff&#8221; admin_label=&#8221;Features&#8221; _builder_version=&#8221;4.21.0&#8243; _module_preset=&#8221;default&#8221; background_color=&#8221;#f7f7f7&#8243; top_divider_style=&#8221;curve&#8221; top_divider_height=&#8221;50px&#8221; bottom_divider_style=&#8221;curve&#8221; bottom_divider_height=&#8221;50px&#8221; locked=&#8221;off&#8221; collapsed=&#8221;on&#8221; global_colors_info=&#8221;{}&#8221;][et_pb_row column_structure=&#8221;1_3,1_3,1_3&#8243; make_equal=&#8221;on&#8221; _builder_version=&#8221;4.21.0&#8243; _module_preset=&#8221;default&#8221; custom_margin_tablet=&#8221;&#8221; custom_margin_phone=&#8221;||-32px||false|false&#8221; custom_margin_last_edited=&#8221;on|phone&#8221; global_colors_info=&#8221;{}&#8221;][et_pb_column type=&#8221;1_3&#8243; _builder_version=&#8221;4.21.0&#8243; _module_preset=&#8221;default&#8221; background_color=&#8221;#FFFFFF&#8221; custom_padding=&#8221;20px|20px|20px|20px|true|true&#8221; animation_style=&#8221;slide&#8221; animation_direction=&#8221;left&#8221; animation_duration=&#8221;600ms&#8221; animation_speed_curve=&#8221;ease-out&#8221; animation_direction_tablet=&#8221;center&#8221; animation_direction_phone=&#8221;center&#8221; animation_direction_last_edited=&#8221;on|phone&#8221; border_radii=&#8221;on|10px|10px|10px|10px&#8221; border_color_all=&#8221;#000000&#8243; box_shadow_style=&#8221;preset3&#8243; global_colors_info=&#8221;{}&#8221;][et_pb_image src=&#8221;https:\/\/devneu.alan.ch\/wp-content\/uploads\/2023\/06\/ModulSchulung.png&#8221; title_text=&#8221;ModuloFormazione&#8221; _builder_version=&#8221;4.21.0&#8243; _module_preset=&#8221;default&#8221; global_colors_info=&#8221;{}&#8221;][\/et_pb_image][et_pb_text _builder_version=&#8221;4.21.0&#8243; _module_preset=&#8221;b77c6ba8-f349-49be-aa3b-48c04f53fb95&#8243; header_5_font=&#8221;Verdana|500|||||||&#8221; header_5_font_size=&#8221;30px&#8221; header_5_font_size_tablet=&#8221;30px&#8221; header_5_font_size_phone=&#8221;20px&#8221; global_colors_info=&#8221;{}&#8221;]<\/p>\n<h5>Modulo di formazione<\/h5>\n<p>[\/et_pb_text][et_pb_text _builder_version=&#8221;4.21.0&#8243; _module_preset=&#8221;903f33fb-f3ae-4030-8e87-abe23794f7e2&#8243; text_font=&#8221;Verdana|500|||||||&#8221; custom_padding=&#8221;||0px|||&#8221; global_colors_info=&#8221;{}&#8221;]<\/p>\n<ul>\n<li>Acquisire o aggiornare le conoscenze<\/li>\n<li>Su misura in base alle vostre esigenze<\/li>\n<li>In loco o online<\/li>\n<\/ul>\n<p>[\/et_pb_text][et_pb_button button_url=&#8221;https:\/\/devneu.alan.ch\/wp-content\/uploads\/2023\/07\/DE-Modul-Schulungen.pdf&#8221; url_new_window=&#8221;on&#8221; button_text=&#8221;Maggiori informazioni&#8221; _builder_version=&#8221;4.21.0&#8243; _module_preset=&#8221;default&#8221; global_colors_info=&#8221;{}&#8221;][\/et_pb_button][\/et_pb_column][et_pb_column type=&#8221;1_3&#8243; _builder_version=&#8221;4.21.0&#8243; _module_preset=&#8221;default&#8221; background_color=&#8221;#FFFFFF&#8221; custom_padding=&#8221;20px|20px|20px|20px|true|true&#8221; animation_style=&#8221;slide&#8221; animation_duration=&#8221;600ms&#8221; animation_speed_curve=&#8221;ease-out&#8221; animation_direction_tablet=&#8221;center&#8221; animation_direction_phone=&#8221;center&#8221; animation_direction_last_edited=&#8221;on|phone&#8221; border_radii=&#8221;on|10px|10px|10px|10px&#8221; border_color_all=&#8221;#000000&#8243; box_shadow_style=&#8221;preset3&#8243; global_colors_info=&#8221;{}&#8221;][et_pb_image src=&#8221;https:\/\/devneu.alan.ch\/wp-content\/uploads\/2023\/06\/Support.png&#8221; title_text=&#8221;Supporto&#8221; _builder_version=&#8221;4.21.0&#8243; _module_preset=&#8221;default&#8221; global_colors_info=&#8221;{}&#8221;][\/et_pb_image][et_pb_text _builder_version=&#8221;4.21.0&#8243; _module_preset=&#8221;b77c6ba8-f349-49be-aa3b-48c04f53fb95&#8243; header_5_font=&#8221;Verdana|500|||||||&#8221; header_5_font_size=&#8221;30px&#8221; header_5_font_size_tablet=&#8221;30px&#8221; header_5_font_size_phone=&#8221;20px&#8221; global_colors_info=&#8221;{}&#8221;]<\/p>\n<h5>Supporto<\/h5>\n<p>[\/et_pb_text][et_pb_text _builder_version=&#8221;4.21.0&#8243; _module_preset=&#8221;903f33fb-f3ae-4030-8e87-abe23794f7e2&#8243; text_font=&#8221;Verdana|500|||||||&#8221; custom_padding=&#8221;||0px|||&#8221; global_colors_info=&#8221;{}&#8221;]<\/p>\n<ul>\n<li>Persona di contatto personale<\/li>\n<li>Competente in Svizzera<\/li>\n<li>Tempo di reazione rapido<\/li>\n<\/ul>\n<p>[\/et_pb_text][et_pb_button button_url=&#8221;https:\/\/devneu.alan.ch\/it\/contatto\/#support&#8221; button_text=&#8221;Chiamata&#8221; _builder_version=&#8221;4.21.0&#8243; _module_preset=&#8221;default&#8221; global_colors_info=&#8221;{}&#8221;][\/et_pb_button][\/et_pb_column][et_pb_column type=&#8221;1_3&#8243; _builder_version=&#8221;4.21.0&#8243; _module_preset=&#8221;default&#8221; background_color=&#8221;#FFFFFF&#8221; custom_padding=&#8221;20px|20px|20px|20px|true|true&#8221; animation_style=&#8221;slide&#8221; animation_direction=&#8221;right&#8221; animation_duration=&#8221;600ms&#8221; animation_speed_curve=&#8221;ease-out&#8221; animation_direction_tablet=&#8221;center&#8221; animation_direction_phone=&#8221;center&#8221; animation_direction_last_edited=&#8221;on|phone&#8221; border_radii=&#8221;on|10px|10px|10px|10px&#8221; border_color_all=&#8221;#000000&#8243; box_shadow_style=&#8221;preset3&#8243; global_colors_info=&#8221;{}&#8221;][et_pb_image src=&#8221;https:\/\/devneu.alan.ch\/wp-content\/uploads\/2023\/06\/Datenmigration.png&#8221; title_text=&#8221;Migrazione dei dati&#8221; _builder_version=&#8221;4.21.0&#8243; _module_preset=&#8221;default&#8221; global_colors_info=&#8221;{}&#8221;][\/et_pb_image][et_pb_text _builder_version=&#8221;4.21.0&#8243; _module_preset=&#8221;b77c6ba8-f349-49be-aa3b-48c04f53fb95&#8243; header_5_font=&#8221;Verdana|500|||||||&#8221; header_5_font_size=&#8221;30px&#8221; header_5_font_size_tablet=&#8221;30px&#8221; header_5_font_size_phone=&#8221;20px&#8221; global_colors_info=&#8221;{}&#8221;]<\/p>\n<h5>Migrazione dei dati<\/h5>\n<p>[\/et_pb_text][et_pb_text _builder_version=&#8221;4.21.0&#8243; _module_preset=&#8221;903f33fb-f3ae-4030-8e87-abe23794f7e2&#8243; text_font=&#8221;Verdana|500|||||||&#8221; custom_padding=&#8221;||0px|||&#8221; global_colors_info=&#8221;{}&#8221;]<\/p>\n<ul>\n<li>Integrazione perfetta<\/li>\n<li>Risparmiare sui costi del personale<\/li>\n<li>Importazione di dati da Excel, ecc.<\/li>\n<\/ul>\n<p>[\/et_pb_text][et_pb_button button_url=&#8221;https:\/\/devneu.alan.ch\/it\/contatto\/#formular&#8221; button_text=&#8221;Richieste di informazioni&#8221; _builder_version=&#8221;4.21.0&#8243; _module_preset=&#8221;default&#8221; global_colors_info=&#8221;{}&#8221;][\/et_pb_button][et_pb_button button_url=&#8221;https:\/\/devneu.alan.ch\/wp-content\/uploads\/2023\/07\/Daten-Migration.pdf&#8221; url_new_window=&#8221;on&#8221; button_text=&#8221;Maggiori informazioni&#8221; _builder_version=&#8221;4.21.0&#8243; _module_preset=&#8221;default&#8221; global_colors_info=&#8221;{}&#8221;][\/et_pb_button][\/et_pb_column][\/et_pb_row][et_pb_row column_structure=&#8221;1_3,1_3,1_3&#8243; _builder_version=&#8221;4.21.0&#8243; _module_preset=&#8221;default&#8221; global_colors_info=&#8221;{}&#8221;][et_pb_column type=&#8221;1_3&#8243; _builder_version=&#8221;4.21.0&#8243; _module_preset=&#8221;default&#8221; background_color=&#8221;#FFFFFF&#8221; custom_padding=&#8221;20px|20px|20px|20px|true|true&#8221; animation_style=&#8221;slide&#8221; animation_direction=&#8221;left&#8221; animation_duration=&#8221;600ms&#8221; animation_speed_curve=&#8221;ease-out&#8221; animation_direction_tablet=&#8221;center&#8221; animation_direction_phone=&#8221;center&#8221; animation_direction_last_edited=&#8221;on|phone&#8221; border_radii=&#8221;on|10px|10px|10px|10px&#8221; border_color_all=&#8221;#000000&#8243; box_shadow_style=&#8221;preset3&#8243; global_colors_info=&#8221;{}&#8221;][et_pb_image src=&#8221;https:\/\/devneu.alan.ch\/wp-content\/uploads\/2023\/06\/SystemSchulung.png&#8221; title_text=&#8221;Formazione sul sistema&#8221; _builder_version=&#8221;4.21.0&#8243; _module_preset=&#8221;default&#8221; global_colors_info=&#8221;{}&#8221;][\/et_pb_image][et_pb_text _builder_version=&#8221;4.21.0&#8243; _module_preset=&#8221;b77c6ba8-f349-49be-aa3b-48c04f53fb95&#8243; header_5_font=&#8221;Verdana|500|||||||&#8221; header_5_font_size=&#8221;30px&#8221; header_5_font_size_tablet=&#8221;30px&#8221; header_5_font_size_phone=&#8221;20px&#8221; global_colors_info=&#8221;{}&#8221;]<\/p>\n<h5>Formazione del sistema<\/h5>\n<p>[\/et_pb_text][et_pb_text _builder_version=&#8221;4.21.0&#8243; _module_preset=&#8221;903f33fb-f3ae-4030-8e87-abe23794f7e2&#8243; text_font=&#8221;Verdana|500|||||||&#8221; custom_padding=&#8221;||0px|||&#8221; global_colors_info=&#8221;{}&#8221;]<\/p>\n<ul>\n<li>Valore aggiunto grazie alla comprensione tecnica<\/li>\n<li>Assistenza agli utenti dello studio legale in modo mirato<\/li>\n<li>Per gli specialisti ALAN e i responsabili di cantiere<\/li>\n<\/ul>\n<p>[\/et_pb_text][et_pb_button button_url=&#8221;https:\/\/devneu.alan.ch\/wp-content\/uploads\/2023\/07\/System-Schulungen.pdf&#8221; url_new_window=&#8221;on&#8221; button_text=&#8221;Maggiori informazioni&#8221; _builder_version=&#8221;4.21.0&#8243; _module_preset=&#8221;default&#8221; global_colors_info=&#8221;{}&#8221;][\/et_pb_button][\/et_pb_column][et_pb_column type=&#8221;1_3&#8243; _builder_version=&#8221;4.21.0&#8243; _module_preset=&#8221;default&#8221; background_color=&#8221;#FFFFFF&#8221; custom_padding=&#8221;20px|20px|20px|20px|true|true&#8221; animation_style=&#8221;slide&#8221; animation_duration=&#8221;600ms&#8221; animation_speed_curve=&#8221;ease-out&#8221; animation_direction_tablet=&#8221;center&#8221; animation_direction_phone=&#8221;center&#8221; animation_direction_last_edited=&#8221;on|phone&#8221; border_radii=&#8221;on|10px|10px|10px|10px&#8221; border_color_all=&#8221;#000000&#8243; box_shadow_style=&#8221;preset3&#8243; global_colors_info=&#8221;{}&#8221;][et_pb_image src=&#8221;https:\/\/devneu.alan.ch\/wp-content\/uploads\/2023\/06\/Ticketing.png&#8221; title_text=&#8221;Biglietteria&#8221; _builder_version=&#8221;4.21.0&#8243; _module_preset=&#8221;default&#8221; global_colors_info=&#8221;{}&#8221;][\/et_pb_image][et_pb_text _builder_version=&#8221;4.21.0&#8243; _module_preset=&#8221;b77c6ba8-f349-49be-aa3b-48c04f53fb95&#8243; header_5_font=&#8221;Verdana|500|||||||&#8221; header_5_font_size=&#8221;30px&#8221; header_5_font_size_tablet=&#8221;30px&#8221; header_5_font_size_phone=&#8221;20px&#8221; global_colors_info=&#8221;{}&#8221;]<\/p>\n<h5>Sistema di biglietteria<\/h5>\n<p>[\/et_pb_text][et_pb_text _builder_version=&#8221;4.21.0&#8243; _module_preset=&#8221;903f33fb-f3ae-4030-8e87-abe23794f7e2&#8243; text_font=&#8221;Verdana|500|||||||&#8221; custom_padding=&#8221;||0px|||&#8221; global_colors_info=&#8221;{}&#8221;]<\/p>\n<ul>\n<li>Problemi di consegna anche al di fuori degli orari di apertura<\/li>\n<li>Facile allegazione di screenshot<\/li>\n<li>Elaborazione efficiente grazie alla definizione delle priorit\u00e0<\/li>\n<\/ul>\n<p>[\/et_pb_text][et_pb_button button_url=&#8221;mailto:support@alan.ch?subject=Problembeschrieb&amp;body=Hallo%20ALAN%20Support%20Fehlerbeschrieb:(Bitte%20erg\u00e4nzen)%20Anzahl%20betroffene%20Benutzer:(Bitte%20erg\u00e4nzen)%20Anh\u00e4nge\/Screenshots%20helfen%20uns%20das%20Problem%20besser%20zu%20verstehen:(Bitte%20falls%20m\u00f6glich%20anh\u00e4ngen)&#8221; url_new_window=&#8221;on&#8221; button_text=&#8221;Biglietto aperto&#8221; _builder_version=&#8221;4.21.0&#8243; _module_preset=&#8221;default&#8221; hover_enabled=&#8221;0&#8243; global_colors_info=&#8221;{}&#8221; sticky_enabled=&#8221;0&#8243;][\/et_pb_button][\/et_pb_column][et_pb_column type=&#8221;1_3&#8243; _builder_version=&#8221;4.21.0&#8243; _module_preset=&#8221;default&#8221; background_color=&#8221;#FFFFFF&#8221; custom_padding=&#8221;20px|20px|20px|20px|true|true&#8221; animation_style=&#8221;slide&#8221; animation_direction=&#8221;right&#8221; animation_duration=&#8221;600ms&#8221; animation_speed_curve=&#8221;ease-out&#8221; animation_direction_tablet=&#8221;center&#8221; animation_direction_phone=&#8221;center&#8221; animation_direction_last_edited=&#8221;on|phone&#8221; border_radii=&#8221;on|10px|10px|10px|10px&#8221; border_color_all=&#8221;#000000&#8243; box_shadow_style=&#8221;preset3&#8243; global_colors_info=&#8221;{}&#8221;][et_pb_image src=&#8221;https:\/\/devneu.alan.ch\/wp-content\/uploads\/2023\/06\/Projektbegleitung.png&#8221; title_text=&#8221;Supporto al progetto&#8221; _builder_version=&#8221;4.21.0&#8243; _module_preset=&#8221;default&#8221; global_colors_info=&#8221;{}&#8221;][\/et_pb_image][et_pb_text _builder_version=&#8221;4.21.0&#8243; _module_preset=&#8221;b77c6ba8-f349-49be-aa3b-48c04f53fb95&#8243; header_5_font=&#8221;Verdana|500|||||||&#8221; header_5_font_size=&#8221;30px&#8221; header_5_font_size_tablet=&#8221;30px&#8221; header_5_font_size_phone=&#8221;20px&#8221; global_colors_info=&#8221;{}&#8221;]<\/p>\n<h5>Supporto al progetto<\/h5>\n<p>[\/et_pb_text][et_pb_text _builder_version=&#8221;4.21.0&#8243; _module_preset=&#8221;903f33fb-f3ae-4030-8e87-abe23794f7e2&#8243; text_font=&#8221;Verdana|500|||||||&#8221; custom_padding=&#8221;||0px|||&#8221; global_colors_info=&#8221;{}&#8221;]<\/p>\n<ul>\n<li>Esperti con esperienza nel settore informatico e industriale<\/li>\n<li>Consulenza completa<\/li>\n<li>Oltre 35 anni di esperienza<\/li>\n<\/ul>\n<p>[\/et_pb_text][et_pb_button button_url=&#8221;https:\/\/devneu.alan.ch\/it\/contatto\/#formular&#8221; button_text=&#8221;Richieste di informazioni&#8221; _builder_version=&#8221;4.21.0&#8243; _module_preset=&#8221;default&#8221; global_colors_info=&#8221;{}&#8221;][\/et_pb_button][et_pb_button button_url=&#8221;https:\/\/devneu.alan.ch\/wp-content\/uploads\/2023\/07\/Projektbegleitung.pdf&#8221; url_new_window=&#8221;on&#8221; button_text=&#8221;Maggiori informazioni&#8221; _builder_version=&#8221;4.21.0&#8243; _module_preset=&#8221;default&#8221; global_colors_info=&#8221;{}&#8221;][\/et_pb_button][\/et_pb_column][\/et_pb_row][\/et_pb_section]<\/p>\n","protected":false},"excerpt":{"rendered":"<p>Tutto da un&#8217;unica fonteMigrazione dei dati, formazione e assistenza agli utentiModulo di formazione Acquisire o aggiornare le conoscenze Su misura in base alle vostre esigenze In loco o online Supporto Persona di contatto personale Competente in Svizzera Tempo di reazione rapido Migrazione dei dati Integrazione perfetta Risparmiare sui costi del personale Importazione di dati da [&hellip;]<\/p>\n","protected":false},"author":1,"featured_media":953,"parent":0,"menu_order":0,"comment_status":"closed","ping_status":"closed","template":"","meta":{"_et_pb_use_builder":"on","_et_pb_old_content":"","_et_gb_content_width":"","footnotes":""},"_links":{"self":[{"href":"https:\/\/devneu.alan.ch\/it\/wp-json\/wp\/v2\/pages\/1155"}],"collection":[{"href":"https:\/\/devneu.alan.ch\/it\/wp-json\/wp\/v2\/pages"}],"about":[{"href":"https:\/\/devneu.alan.ch\/it\/wp-json\/wp\/v2\/types\/page"}],"author":[{"embeddable":true,"href":"https:\/\/devneu.alan.ch\/it\/wp-json\/wp\/v2\/users\/1"}],"replies":[{"embeddable":true,"href":"https:\/\/devneu.alan.ch\/it\/wp-json\/wp\/v2\/comments?post=1155"}],"version-history":[{"count":20,"href":"https:\/\/devneu.alan.ch\/it\/wp-json\/wp\/v2\/pages\/1155\/revisions"}],"predecessor-version":[{"id":1449,"href":"https:\/\/devneu.alan.ch\/it\/wp-json\/wp\/v2\/pages\/1155\/revisions\/1449"}],"wp:featuredmedia":[{"embeddable":true,"href":"https:\/\/devneu.alan.ch\/it\/wp-json\/wp\/v2\/media\/953"}],"wp:attachment":[{"href":"https:\/\/devneu.alan.ch\/it\/wp-json\/wp\/v2\/media?parent=1155"}],"curies":[{"name":"wp","href":"https:\/\/api.w.org\/{rel}","templated":true}]}}